{"id":2900,"date":"2018-04-11T14:51:45","date_gmt":"2018-04-11T17:51:45","guid":{"rendered":"https:\/\/prgsafex.com.br\/cidades\/?page_id=2900"},"modified":"2021-10-18T21:12:11","modified_gmt":"2021-10-19T00:12:11","slug":"fabrica-de-luvas-de-protecao-para-curitiba-pr","status":"publish","type":"page","link":"https:\/\/prgsafex.com.br\/cidades\/fabrica-de-luvas-de-protecao-para-curitiba-pr\/","title":{"rendered":"F\u00e1brica de luvas de prote\u00e7\u00e3o para  Curitiba PR"},"content":{"rendered":"<div class=\"wpb-content-wrapper\"><p>[vc_row][vc_column][vc_tta_accordion style=&#8221;modern&#8221; shape=&#8221;square&#8221; color=&#8221;white&#8221; c_icon=&#8221;&#8221; active_section=&#8221;0&#8243; css_animation=&#8221;fadeInLeft&#8221; no_fill=&#8221;true&#8221; collapsible_all=&#8221;true&#8221;][vc_tta_section title=&#8221;PRG Safex f\u00e1brica de luvas de seguran\u00e7a&#8221; tab_id=&#8221;saiba-mais&#8221;][vc_column_text css=&#8221;.vc_custom_1634580369906{padding-right: 15px !important;padding-left: 15px !important;}&#8221;]<h1><span style=\"color: #000000;\"><\/span><\/h1>\r\n<p><span style=\"color: #000000;\"><span style=\"color: #000000;\">Se voc\u00ea \u00e9 uma empresa e procura por , certamente podemos lhe ajudar. Al\u00e9m de fabricante, somos o principal fornecedor de luvas do Brasil.<\/span><\/span><\/p>\r\n<p><span style=\"color: #000000;\">Sabemos que quando o assunto \u00e9 proteger o trabalhador, todo cuidado \u00e9 pouco, principalmente porque estamos falando de vidas.<\/span><\/p>\r\n<p><span style=\"color: #000000;\">N\u00f3s produzimos diversos modelos de luvas, desde luvas de prote\u00e7\u00e3o em PVC, luvas de prote\u00e7\u00e3o em tecido, at\u00e9 mesmo luvas em raspa de couro.<\/span><\/p>\r\n<p><span style=\"color: #000000;\">Para que voc\u00ea possa entender melhor, vamos destacar os principais modelos de luvas que fabricamos e suas vantagens.<\/span><\/p>\r\n<p>&nbsp;<\/p>\r\n<h3><span style=\"color: #000000;\">Luvas de prote\u00e7\u00e3o em PVC para <\/span><\/h3>\r\n<p><span style=\"color: #000000;\">As luvas de prote\u00e7\u00e3o em PVC est\u00e3o entre as mais requisitadas pelas empresas, isso porque elas protegem, mas tamb\u00e9m contribuem para o melhor desempenho do trabalhador.<\/span><\/p>\r\n<p><span style=\"color: #000000;\">Um exemplo disso, s\u00e3o os trabalhos em superf\u00edcies \u00famidas ou mesmo molhadas. As luvas de PVC s\u00e3o resistentes, al\u00e9m disso, imperme\u00e1veis onde impedem o contato direto de qualquer substancia com o trabalhador.<\/span><\/p>\r\n<p><span style=\"color: #000000;\">Dessa maneira, este modelo de luvas \u00e9 muito utilizado por ind\u00fastrias que manipulam produtos qu\u00edmicos, empresas de saneamento, entre outras empresas.<\/span><\/p>\r\n<p><span style=\"color: #000000;\">Uma das grandes vantagens das luvas de PVC, \u00e9 a grande variedade de op\u00e7\u00f5es, mas principalmente por elas serem projetadas para trabalhos espec\u00edficos.<\/span><\/p>\r\n<p>&nbsp;<\/p>\r\n<p><span style=\"color: #000000;\">Modelos de luvas em PVC<\/span><\/p>\r\n<p><span style=\"color: #000000;\">Luva de PVC com palma lisa - Esse modelo \u00e9 indicado para superf\u00edcies lisas e secas, ela proporciona muito conforto e ader\u00eancia durante o trabalho. Dispon\u00edvel nos tamanhos 26cm, 36cm, 46cm, 56, e 65cm.<\/span><\/p>\r\n<p><span style=\"color: #000000;\">Luva de PVC com palma \u00e1spera - Diferente do modelo anterior, as luvas com palmas \u00e1speras s\u00e3o indicadas para superf\u00edcies \u00famidas. Elas s\u00e3o muito confort\u00e1veis e proporcionam mais seguran\u00e7a.<\/span><\/p>\r\n<p><span style=\"color: #000000;\">Luva de PVC com palma granulada - As luvas com palma granuladas s\u00e3o \u00f3timas para trabalhos em locais molhados, elas possuem alta resist\u00eancia e deslizam com facilidade. Sua principal caracter\u00edstica a atuar como as chuteiras de futebol com bravos, pois granulados proporcionam maior fixa\u00e7\u00e3o as superf\u00edcies.<\/span><\/p>\r\n<p><span style=\"color: #000000;\">Luva de PVC\u00a0 com palma micro granulada - As luvas com micro granulados, funcionam da menta maneira que as granuladas, por\u00e9m elas s\u00e3o indicadas para trabalhos mais delicados.<\/span><\/p>\r\n<p><span style=\"color: #000000;\">Luva de PVC com cano de lona - Luvas com cano de lona, essas luvas s\u00e3o indicadas para proteger os bra\u00e7os al\u00e9m das m\u00e3os. Elas possuem um proteger de lona ultra resistentes.<\/span><\/p>\r\n<p>&nbsp;<\/p>\r\n<h2><span style=\"color: #000000;\">Onde comprar luvas de seguran\u00e7a <\/span><\/h2>\r\n<p><span style=\"color: #000000;\">Apesar de estarmos em Apucarana no Paran\u00e1, voc\u00ea pode comprar nossas luvas mesmo residindo em , isso porque atendemos todas as regi\u00f5es do Brasil. Para n\u00f3s, a distancia n\u00e3o \u00e9 um problema.<\/span><\/p>\r\n<p><span style=\"color: #000000;\">Contamos com uma equipe de profissionais qualificada. Avaliamos suas necessidades e propomos as melhores solu\u00e7\u00f5es. Dessa forma, al\u00e9m de proteger seus trabalhadores, tamb\u00e9m oferece o uma ferramenta de aumenta a produtividade.<\/span><\/p>\r\n<p>&nbsp;<\/p>\r\n<h2><span style=\"color: #000000;\">F\u00e1brica de luvas de couro para <\/span><\/h2>\r\n<p><span style=\"color: #000000;\">Al\u00e9m de luvas em PVC, tamb\u00e9m nos especializamos em luvas de couro, tamb\u00e9m conhecido com luvas em raspa.<\/span><\/p>\r\n<p><span style=\"color: #000000;\">Diferente do PVC, o couro permite produzir luvas resistentes e que oferecem maior prote\u00e7\u00e3o ao trabalhador.<\/span><\/p>\r\n<p><span style=\"color: #000000;\">As luvas de couro est\u00e3o presentes na mec\u00e2nica pesada, na constru\u00e7\u00e3o civil, em mineradoras, rede ferrovi\u00e1ria, entre outros segmentos.<\/span><\/p>\r\n<p><span style=\"color: #000000;\">Entre as op\u00e7\u00f5es das luvas em couro, destacamos os modelos em soldador, vaqueta e americana. Esses s\u00e3o muito utilizados em oficinas mec\u00e2nicas, por eletrecistas, constru\u00e7\u00e3o civil, etc.<\/span><\/p>\r\n<p><span style=\"color: #000000;\">Maior resist\u00eancia e prote\u00e7\u00e3o do trabalhador<\/span><\/p>\r\n<p>&nbsp;<\/p>\r\n<h2><span style=\"color: #000000;\">Vantagens das luvas PRG Safex<\/span><\/h2>\r\n<p><span style=\"color: #000000;\">Entre as principais marcas de luvas do Brasil, a PRG Safex se destaca, principalmente pela qualidade dos seus produtos. A empresas trabalha apenas com mat\u00e9rias-primas de qualidade, desde vi\u00e9s boneon para acabamento, at\u00e9 couro tratado em alto padr\u00e3o.<\/span><\/p>\r\n<p><span style=\"color: #000000;\">Estamos sempre buscando melhorias, pois sabemos como \u00e9 importante levar produtos que tragam, resultados aos nossos clientes, mas acima de tudo ofere\u00e7am total seguran\u00e7a ao trabalhador.<\/span><\/p>\r\n<p>&nbsp;<\/p>\r\n<h2><span style=\"color: #000000;\">Conclus\u00e3o<\/span><\/h2>\r\n<p><span style=\"color: #000000;\">Se voc\u00ea estava pesquisando por , ent\u00e3o podemos lhe ajudar, certamente voc\u00ea vai se surpreender com nosso pre\u00e7o e qualidade dos nossos produtos. Atendemos empresas de pequeno, m\u00e9dio e grande porte.<\/span><\/p>\r\n<p><span style=\"color: #000000;\">Cada um dos nossos produtos s\u00e3o monitorados durante seu processo produtivo, dessa forma mantemos nosso padr\u00e3o e garantimos nossa qualidade.<\/span><\/p>\r\n<p>&nbsp;<\/p>\r\n<p>&nbsp;<\/p>\r\n<p>&nbsp;<\/p>[\/vc_column_text][\/vc_tta_section][\/vc_tta_accordion][vc_column_text]<h3>\u00a0<\/h3>\r\n<h3>\u00a0<\/h3>\r\n<h3 style=\"text-align: center;\">CONHE\u00c7A ALGUMAS OP\u00c7\u00d5ES DE ADESIVO PARA PAREDE<\/h3>\r\n<p style=\"text-align: center;\">Fornecemos op\u00e7\u00f5es para todos os ambientes, desde salas, cozinhas, banheiros, lavanderias, consult\u00f3rios e muito mais.<\/p>[\/vc_column_text][vc_column_text]<p><a title=\"LUVA DE PVC COM PAL LISA 26 CM\" href=\"https:\/\/prgsafex.com.br\/produto\/luva-em-pvc-com-palma-lisa-e-26-centimetros\/\"><img decoding=\"async\" src=\"https:\/\/prgsafex.com.br\/cidades\/wp-content\/uploads\/2021\/10\/luva-pvc-palma-lisa-26cm.jpg\" alt=\"LUVA DE PVC COM PALMA LISA DE 26CM\" width=\"30%\" height=\"30%\" \/><\/a> \u00a0<a title=\"LUVA DE PVC COM PAL LISA 36 CM\" href=\"https:\/\/prgsafex.com.br\/produto\/luva-em-pvc-com-palma-lisa-e-36-centimetros\/\"><img decoding=\"async\" src=\"https:\/\/prgsafex.com.br\/cidades\/wp-content\/uploads\/2021\/10\/luva-pvc-palma-lisa-36cm.jpg\" alt=\"LUVA DE PVC COM PALMA LISA DE 36CM\" width=\"30%\" height=\"30%\" \/><\/a>\u00a0 <a title=\"LUVA DE PVC COM PAL LISA 46 CM\" href=\"https:\/\/prgsafex.com.br\/produto\/luva-em-pvc-com-palma-lisa-e-46-centimetros\/\"><img decoding=\"async\" src=\"https:\/\/prgsafex.com.br\/cidades\/wp-content\/uploads\/2021\/10\/luva-pvc-palma-lisa-46cm.jpg\" alt=\"LUVA DE PVC COM PALMA LISA DE 46CM\" width=\"30%\" height=\"30%\" \/><\/a><\/p>\r\n<p><img decoding=\"async\" src=\"https:\/\/prgsafex.com.br\/cidades\/wp-content\/uploads\/2021\/10\/luva-pvc-palma-lisa-56cm.jpg\" alt=\"LUVA DE PVC COM PALMA LISA DE 56CM\" width=\"30%\" height=\"30%\" \/> \u00a0<a title=\"LUVA DE PVC COM PAL LISA 65 CM\" href=\"https:\/\/prgsafex.com.br\/produto\/luva-em-pvc-com-palma-lisa-e-65-centimetros\/\"><img decoding=\"async\" src=\"https:\/\/prgsafex.com.br\/cidades\/wp-content\/uploads\/2021\/10\/luva-pvc-palma-lisa-65cm.jpg\" alt=\"LUVA DE PVC COM PALMA LISA DE 65CM\" width=\"30%\" height=\"30%\" \/><\/a>\u00a0 <a title=\"LUVA DE PVC COM PAL LISA 55CM\" href=\"https:\/\/prgsafex.com.br\/produto\/luva-em-pvc-com-palma-lisa-e-56-centimetros\/\"><img decoding=\"async\" src=\"https:\/\/prgsafex.com.br\/cidades\/wp-content\/uploads\/2021\/10\/luva-com-palma-aspera-26cm.jpg\" alt=\"LUVA DE PVC COM PALMA \u00c1SPERA DE 26CM\" width=\"30%\" height=\"30%\" \/><\/a><\/p>\r\n<p><a title=\"LUVA DE PVC COM PALMA \u00c1SPERA 36CM\" href=\"https:\/\/prgsafex.com.br\/produto\/luva-em-pvc-palma-aspera-e-36-centimetros\/\"><img decoding=\"async\" src=\"https:\/\/prgsafex.com.br\/cidades\/wp-content\/uploads\/2021\/10\/luva-com-palma-aspera-36cm.jpg\" alt=\"LUVA DE PVC COM PALMA \u00c1SPERA DE 36CM\" width=\"30%\" height=\"30%\" \/><\/a> \u00a0<a title=\"LUVA DE PVC COM PALMA \u00c1SPERA 46CM\" href=\"https:\/\/prgsafex.com.br\/produto\/luva-em-pvc-palma-aspera-e-46-centimetros\/\"><img decoding=\"async\" src=\"https:\/\/prgsafex.com.br\/cidades\/wp-content\/uploads\/2021\/10\/luva-com-palma-aspera-46cm.jpg\" alt=\"LUVA DE PVC COM PALMA \u00c1SPERA DE 46CM\" width=\"30%\" height=\"30%\" \/><\/a>\u00a0 <a title=\"LUVA DE PVC COM PALMA \u00c1SPERA 26CM\" href=\"https:\/\/prgsafex.com.br\/produto\/luva-em-pvc-com-palma-aspera-e-26-centimetros\/\"><img decoding=\"async\" src=\"https:\/\/prgsafex.com.br\/cidades\/wp-content\/uploads\/2021\/10\/luva-com-palma-aspera-26cm2.jpg\" alt=\"LUVA DE PVC COM PALMA \u00c1SPERA DE 26CM\" width=\"30%\" height=\"30%\" \/><\/a><\/p>\r\n<p><a title=\"LUVA DE PVC COM PALMA \u00c1SPERA 65CM\" href=\"https:\/\/prgsafex.com.br\/produto\/luva-em-pvc-palma-aspera-e-65-centimetros\/\"><img decoding=\"async\" src=\"https:\/\/prgsafex.com.br\/cidades\/wp-content\/uploads\/2021\/10\/luva-com-palma-aspera-65cm.jpg\" alt=\"LUVA DE PVC COM PALMA \u00c1SPERA DE 65CM\" width=\"30%\" height=\"30%\" \/><\/a> \u00a0<a title=\"LUVA DE PVC COM PALMA \u00c1SPERA 56CM\" href=\"https:\/\/prgsafex.com.br\/produto\/luva-em-pvc-palma-aspera-e-56-centimetros\/\"><img decoding=\"async\" src=\"https:\/\/prgsafex.com.br\/cidades\/wp-content\/uploads\/2021\/10\/luva-com-palma-aspera-56cm.jpg\" alt=\"LUVA DE PVC COM PALMA \u00c1SPERA DE 56CM\" width=\"30%\" height=\"30%\" \/><\/a>\u00a0 <a title=\"LUVA PVC PALMA \u00c1SPERA COM CANO DE LONA\" href=\"https:\/\/prgsafex.com.br\/produto\/luva-de-pvc-palma-aspera-e-cano-em-lona\/\"><img decoding=\"async\" src=\"https:\/\/prgsafex.com.br\/cidades\/wp-content\/uploads\/2021\/10\/luva-com-palma-aspera-cano-de-lona.jpg\" alt=\"LUVA DE PVC COM PALMA \u00c1SPERA COM CANO DE LONA\" width=\"30%\" height=\"30%\" \/><\/a><\/p>\r\n<p><a title=\"LUVA PVC PALMA GRANULADA 26CM\" href=\"https:\/\/prgsafex.com.br\/produto\/luva-com-palma-granulada-com-26-centimetros\/\"><img decoding=\"async\" src=\"https:\/\/prgsafex.com.br\/cidades\/wp-content\/uploads\/2021\/10\/luva-com-palma-granulada-26cm.jpg\" alt=\"LUVA DE PVC COM PALMA GRANULADA 26CM\" width=\"30%\" height=\"30%\" \/><\/a> \u00a0<a title=\"LUVA PVC PALMA GRANULADA 26CM\" href=\"https:\/\/prgsafex.com.br\/produto\/luva-com-palma-granulada-com-36-centimetros\/\"><img decoding=\"async\" src=\"https:\/\/prgsafex.com.br\/cidades\/wp-content\/uploads\/2021\/10\/luva-com-palma-granulada-36cm.jpg\" alt=\"LUVA DE PVC COM PALMA GRANULADA 36CM\" width=\"30%\" height=\"30%\" \/><\/a>\u00a0 <a title=\"LUVA PVC PALMA GRANULADA 26CM\" href=\"https:\/\/prgsafex.com.br\/produto\/luva-com-palma-granulada-com-46-centimetros\/\"><img decoding=\"async\" src=\"https:\/\/prgsafex.com.br\/cidades\/wp-content\/uploads\/2021\/10\/luva-com-palma-granulada-46cm.jpg\" alt=\"LUVA DE PVC COM PALMA GRANULADA 46CM\" width=\"30%\" height=\"30%\" \/><\/a><\/p>\r\n<p><a title=\"LUVA PVC PALMA MICRO GRANULADA 26CM\" href=\"https:\/\/prgsafex.com.br\/produto\/luva-de-pvc-com-palma-micro-granulada-26-cm\/\"><img decoding=\"async\" src=\"https:\/\/prgsafex.com.br\/cidades\/wp-content\/uploads\/2021\/10\/luva-com-palma-micro-granulada-26cm.jpg\" alt=\"LUVA DE PVC COM PALMA MICRO GRANULADA 26CM\" width=\"30%\" height=\"30%\" \/><\/a> \u00a0<a title=\"LUVA PVC PALMA MICRO GRANULADA 36CM\" href=\"https:\/\/prgsafex.com.br\/produto\/luva-de-pvc-com-palma-micro-granulada-36-cm\/\"><img decoding=\"async\" src=\"https:\/\/prgsafex.com.br\/cidades\/wp-content\/uploads\/2021\/10\/luva-com-palma-micro-granulada-36cm.jpg\" alt=\"LUVA DE PVC COM PALMA MICRO GRANULADA 36CM\" width=\"30%\" height=\"30%\" \/><\/a>\u00a0 <a title=\"LUVA PVC PALMA MICRO GRANULADA 46CM\" href=\"https:\/\/prgsafex.com.br\/produto\/luva-de-pvc-com-palma-micro-granulada-46-cm\/\"><img decoding=\"async\" src=\"https:\/\/prgsafex.com.br\/cidades\/wp-content\/uploads\/2021\/10\/luva-com-palma-micro-granulada-46cm.jpg\" alt=\"LUVA DE PVC COM PALMA MICRO GRANULADA 46CM\" width=\"30%\" height=\"30%\" \/><\/a><\/p>\r\n<p><a title=\"LUVA VAQUETA TODA EM RASPA DE COURO\" href=\"https:\/\/prgsafex.com.br\/produto\/luva-de-vaqueta-palma-e-dorso-com-cano-de-raspa\/\"><img decoding=\"async\" src=\"https:\/\/prgsafex.com.br\/cidades\/wp-content\/uploads\/2021\/10\/luva-de-couro-com-cano-de-raspa.jpg\" alt=\"LUVA VAQUETA TODA EM RASPA DE COURO\" width=\"30%\" height=\"30%\" \/><\/a> \u00a0\u00a0\u00a0<a title=\"LUVA DE COURO MODELO AMERICANO\" href=\"https:\/\/prgsafex.com.br\/produto\/luva-de-vaqueta-mista-modelo-americana\/\"><img decoding=\"async\" src=\"https:\/\/prgsafex.com.br\/cidades\/wp-content\/uploads\/2021\/10\/luva-de-couro-de-modelo-americano.jpg\" alt=\"LUVA DE COURO MODELO AMERICANO\" width=\"30%\" height=\"30%\" \/><\/a>\u00a0<img decoding=\"async\" src=\"https:\/\/prgsafex.com.br\/cidades\/wp-content\/uploads\/2021\/10\/luva-de-couro-com-cano-de-raspa.jpg\" alt=\"LUVA VAQUETA TODA EM RASPA DE COURO\" width=\"30%\" height=\"30%\" \/> \u00a0<a title=\"LUVA DE COURO COM ILH\u00d3S NA PALMA\" href=\"https:\/\/prgsafex.com.br\/produto\/luva-de-vaqueta-na-palma-e-dorso-com-ilhos\/\"><img decoding=\"async\" src=\"https:\/\/prgsafex.com.br\/cidades\/wp-content\/uploads\/2021\/10\/luva-de-couro-com-ilhos.jpg\" alt=\"LUVA EM COURO COM ILH\u00d3S\" width=\"30%\" height=\"30%\" \/><\/a>\u00a0 <a title=\"LUVA DE RASPA COURO MODELO SOLDADOR\" href=\"https:\/\/prgsafex.com.br\/produto\/luva-de-raspa-modelo-soldador\/\"><img decoding=\"async\" src=\"https:\/\/prgsafex.com.br\/cidades\/wp-content\/uploads\/2021\/10\/luva-de-couro-de-soldador.jpg\" alt=\"LUVA DE COURO MODELO SOLDADOR\" width=\"30%\" height=\"30%\" \/><\/a>\u00a0<a title=\"LUVA DE COURO MODELO COBERTURA\" href=\"https:\/\/prgsafex.com.br\/produto\/luva-de-vaqueta-modelo-cobertura\/\"><img decoding=\"async\" src=\"https:\/\/prgsafex.com.br\/cidades\/wp-content\/uploads\/2021\/10\/luva-de-couro-modelo-cobertura.jpg\" alt=\"LUVA DE COURO MODELO COBERTURA\" width=\"30%\" height=\"30%\" \/><\/a> \u00a0\u00a0\u00a0<\/p>\r\n<p>&nbsp;<\/p>[\/vc_column_text][vc_column_text][\/vc_column_text][vc_column_text][\/vc_column_text][vc_column_text]<table style=\"height: 30px; width: 100%; border-collapse: collapse; border-color: #000000; background-color: #000000; margin-left: auto; margin-right: auto;\" border=\"1\">\r\n<tbody>\r\n<tr>\r\n<td style=\"width: 100%; text-align: center;\">\r\n<h3><span style=\"color: #ffffff;\"><a style=\"color: #ffffff;\" href=\"https:\/\/prgsafex.com.br\/produtos\/\"><strong>SOLICITE UM OR\u00c7AMENTO DAS NOSSAS LUVAS DE PROTE\u00c7\u00c3O.<\/strong><\/a><\/span><\/h3>\r\n<\/td>\r\n<\/tr>\r\n<\/tbody>\r\n<\/table>[\/vc_column_text][vc_column_text][\/vc_column_text][vc_column_text][\/vc_column_text][vc_column_text][\/vc_column_text][vc_column_text][\/vc_column_text][vc_column_text][\/vc_column_text][vc_column_text][\/vc_column_text][vc_column_text][\/vc_column_text][vc_column_text][\/vc_column_text][vc_column_text][\/vc_column_text][vc_column_text][\/vc_column_text][vc_column_text][\/vc_column_text][vc_column_text][\/vc_column_text][vc_column_text][\/vc_column_text][vc_column_text][\/vc_column_text][\/vc_column][\/vc_row]<\/p>\n<\/div>","protected":false},"excerpt":{"rendered":"<p>[vc_row][vc_column][vc_tta_accordion style=&#8221;modern&#8221; shape=&#8221;square&#8221; color=&#8221;white&#8221; c_icon=&#8221;&#8221; active_section=&#8221;0&#8243; css_animation=&#8221;fadeInLeft&#8221; no_fill=&#8221;true&#8221; collapsible_all=&#8221;true&#8221;][vc_tta_section title=&#8221;PRG Safex f\u00e1brica de luvas de seguran\u00e7a&#8221; tab_id=&#8221;saiba-mais&#8221;][vc_column_text css=&#8221;.vc_custom_1634580369906{padding-right: 15px !important;padding-left: 15px !important;}&#8221;][\/vc_column_text][\/vc_tta_section][\/vc_tta_accordion][vc_column_text][\/vc_column_text][vc_column_text][\/vc_column_text][vc_column_text][\/vc_column_text][vc_column_text][\/vc_column_text][vc_column_text][\/vc_column_text][vc_column_text][\/vc_column_text][vc_column_text][\/vc_column_text][vc_column_text][\/vc_column_text][vc_column_text][\/vc_column_text][vc_column_text][\/vc_column_text][vc_column_text][\/vc_column_text][vc_column_text][\/vc_column_text][vc_column_text][\/vc_column_text][vc_column_text][\/vc_column_text][vc_column_text][\/vc_column_text][vc_column_text][\/vc_column_text][vc_column_text][\/vc_column_text][vc_column_text][\/vc_column_text][vc_column_text][\/vc_column_text][\/vc_column][\/vc_row]<\/p>\n","protected":false},"author":1,"featured_media":0,"parent":0,"menu_order":0,"comment_status":"closed","ping_status":"closed","template":"","meta":{"footnotes":""},"class_list":["post-2900","page","type-page","status-publish","hentry","description-off"],"yoast_head":"<!-- This site is optimized with the Yoast SEO plugin v27.2 - https:\/\/yoast.com\/product\/yoast-seo-wordpress\/ -->\n<title>F\u00e1brica de luvas de prote\u00e7\u00e3o para Curitiba PR<\/title>\n<meta name=\"description\" content=\"F\u00e1brica de luvas de prote\u00e7\u00e3o para Curitiba PR- PRG Safex,luvas de prote\u00e7\u00e3o em PVC emborrachada, \u00e1spera, couro, raspa, soldador, americana, prote\u00e7\u00e3o de bra\u00e7o, vaqueta.\" \/>\n<meta name=\"robots\" content=\"index, follow, max-snippet:-1, max-image-preview:large, max-video-preview:-1\" \/>\n<link rel=\"canonical\" href=\"https:\/\/prgsafex.com.br\/cidades\/fabrica-de-luvas-de-protecao-para-curitiba-pr\/\" \/>\n<meta property=\"og:locale\" content=\"pt_BR\" \/>\n<meta property=\"og:type\" content=\"article\" \/>\n<meta property=\"og:title\" content=\"F\u00e1brica de luvas de prote\u00e7\u00e3o para Curitiba PR\" \/>\n<meta property=\"og:description\" content=\"F\u00e1brica de luvas de prote\u00e7\u00e3o para Curitiba PR- PRG Safex,luvas de prote\u00e7\u00e3o em PVC emborrachada, \u00e1spera, couro, raspa, soldador, americana, prote\u00e7\u00e3o de bra\u00e7o, vaqueta.\" \/>\n<meta property=\"og:url\" content=\"https:\/\/prgsafex.com.br\/cidades\/fabrica-de-luvas-de-protecao-para-curitiba-pr\/\" \/>\n<meta property=\"og:site_name\" content=\"PRG SAFEX\" \/>\n<meta property=\"article:modified_time\" content=\"2021-10-19T00:12:11+00:00\" \/>\n<meta name=\"twitter:card\" content=\"summary_large_image\" \/>\n<meta name=\"twitter:label1\" content=\"Est. tempo de leitura\" \/>\n\t<meta name=\"twitter:data1\" content=\"1 minuto\" \/>\n<script type=\"application\/ld+json\" class=\"yoast-schema-graph\">{\"@context\":\"https:\/\/schema.org\",\"@graph\":[{\"@type\":\"WebPage\",\"@id\":\"https:\/\/prgsafex.com.br\/cidades\/fabrica-de-luvas-de-protecao-para-curitiba-pr\/\",\"url\":\"https:\/\/prgsafex.com.br\/cidades\/fabrica-de-luvas-de-protecao-para-curitiba-pr\/\",\"name\":\"F\u00e1brica de luvas de prote\u00e7\u00e3o para Curitiba PR\",\"isPartOf\":{\"@id\":\"https:\/\/prgsafex.com.br\/cidades\/#website\"},\"datePublished\":\"2018-04-11T17:51:45+00:00\",\"dateModified\":\"2021-10-19T00:12:11+00:00\",\"description\":\"F\u00e1brica de luvas de prote\u00e7\u00e3o para Curitiba PR- PRG Safex,luvas de prote\u00e7\u00e3o em PVC emborrachada, \u00e1spera, couro, raspa, soldador, americana, prote\u00e7\u00e3o de bra\u00e7o, vaqueta.\",\"inLanguage\":\"pt-BR\",\"potentialAction\":[{\"@type\":\"ReadAction\",\"target\":[\"https:\/\/prgsafex.com.br\/cidades\/fabrica-de-luvas-de-protecao-para-curitiba-pr\/\"]}]},{\"@type\":\"WebSite\",\"@id\":\"https:\/\/prgsafex.com.br\/cidades\/#website\",\"url\":\"https:\/\/prgsafex.com.br\/cidades\/\",\"name\":\"PRG SAFEX\",\"description\":\"Fornecedor de luvas\",\"potentialAction\":[{\"@type\":\"SearchAction\",\"target\":{\"@type\":\"EntryPoint\",\"urlTemplate\":\"https:\/\/prgsafex.com.br\/cidades\/?s={search_term_string}\"},\"query-input\":{\"@type\":\"PropertyValueSpecification\",\"valueRequired\":true,\"valueName\":\"search_term_string\"}}],\"inLanguage\":\"pt-BR\"}]}<\/script>\n<!-- \/ Yoast SEO plugin. -->","yoast_head_json":{"title":"F\u00e1brica de luvas de prote\u00e7\u00e3o para Curitiba PR","description":"F\u00e1brica de luvas de prote\u00e7\u00e3o para Curitiba PR- PRG Safex,luvas de prote\u00e7\u00e3o em PVC emborrachada, \u00e1spera, couro, raspa, soldador, americana, prote\u00e7\u00e3o de bra\u00e7o, vaqueta.","robots":{"index":"index","follow":"follow","max-snippet":"max-snippet:-1","max-image-preview":"max-image-preview:large","max-video-preview":"max-video-preview:-1"},"canonical":"https:\/\/prgsafex.com.br\/cidades\/fabrica-de-luvas-de-protecao-para-curitiba-pr\/","og_locale":"pt_BR","og_type":"article","og_title":"F\u00e1brica de luvas de prote\u00e7\u00e3o para Curitiba PR","og_description":"F\u00e1brica de luvas de prote\u00e7\u00e3o para Curitiba PR- PRG Safex,luvas de prote\u00e7\u00e3o em PVC emborrachada, \u00e1spera, couro, raspa, soldador, americana, prote\u00e7\u00e3o de bra\u00e7o, vaqueta.","og_url":"https:\/\/prgsafex.com.br\/cidades\/fabrica-de-luvas-de-protecao-para-curitiba-pr\/","og_site_name":"PRG SAFEX","article_modified_time":"2021-10-19T00:12:11+00:00","twitter_card":"summary_large_image","twitter_misc":{"Est. tempo de leitura":"1 minuto"},"schema":{"@context":"https:\/\/schema.org","@graph":[{"@type":"WebPage","@id":"https:\/\/prgsafex.com.br\/cidades\/fabrica-de-luvas-de-protecao-para-curitiba-pr\/","url":"https:\/\/prgsafex.com.br\/cidades\/fabrica-de-luvas-de-protecao-para-curitiba-pr\/","name":"F\u00e1brica de luvas de prote\u00e7\u00e3o para Curitiba PR","isPartOf":{"@id":"https:\/\/prgsafex.com.br\/cidades\/#website"},"datePublished":"2018-04-11T17:51:45+00:00","dateModified":"2021-10-19T00:12:11+00:00","description":"F\u00e1brica de luvas de prote\u00e7\u00e3o para Curitiba PR- PRG Safex,luvas de prote\u00e7\u00e3o em PVC emborrachada, \u00e1spera, couro, raspa, soldador, americana, prote\u00e7\u00e3o de bra\u00e7o, vaqueta.","inLanguage":"pt-BR","potentialAction":[{"@type":"ReadAction","target":["https:\/\/prgsafex.com.br\/cidades\/fabrica-de-luvas-de-protecao-para-curitiba-pr\/"]}]},{"@type":"WebSite","@id":"https:\/\/prgsafex.com.br\/cidades\/#website","url":"https:\/\/prgsafex.com.br\/cidades\/","name":"PRG SAFEX","description":"Fornecedor de luvas","potentialAction":[{"@type":"SearchAction","target":{"@type":"EntryPoint","urlTemplate":"https:\/\/prgsafex.com.br\/cidades\/?s={search_term_string}"},"query-input":{"@type":"PropertyValueSpecification","valueRequired":true,"valueName":"search_term_string"}}],"inLanguage":"pt-BR"}]}},"_links":{"self":[{"href":"https:\/\/prgsafex.com.br\/cidades\/wp-json\/wp\/v2\/pages\/2900","targetHints":{"allow":["GET"]}}],"collection":[{"href":"https:\/\/prgsafex.com.br\/cidades\/wp-json\/wp\/v2\/pages"}],"about":[{"href":"https:\/\/prgsafex.com.br\/cidades\/wp-json\/wp\/v2\/types\/page"}],"author":[{"embeddable":true,"href":"https:\/\/prgsafex.com.br\/cidades\/wp-json\/wp\/v2\/users\/1"}],"replies":[{"embeddable":true,"href":"https:\/\/prgsafex.com.br\/cidades\/wp-json\/wp\/v2\/comments?post=2900"}],"version-history":[{"count":0,"href":"https:\/\/prgsafex.com.br\/cidades\/wp-json\/wp\/v2\/pages\/2900\/revisions"}],"wp:attachment":[{"href":"https:\/\/prgsafex.com.br\/cidades\/wp-json\/wp\/v2\/media?parent=2900"}],"curies":[{"name":"wp","href":"https:\/\/api.w.org\/{rel}","templated":true}]}}